{"id":482,"date":"2023-08-04T23:46:18","date_gmt":"2023-08-04T21:46:18","guid":{"rendered":"https:\/\/ecom.idra.it\/projectpets\/?page_id=482"},"modified":"2023-08-30T14:34:06","modified_gmt":"2023-08-30T12:34:06","slug":"blog","status":"publish","type":"page","link":"https:\/\/ecom.idra.it\/projectpets\/en\/blog\/","title":{"rendered":"Blog"},"content":{"rendered":"<div style=\"height:50px\" aria-hidden=\"true\" class=\"wp-block-spacer\"><\/div>\n\n\n\n<p class=\"has-text-align-left ticss-9cdae99b\">Benvenuti nel nostro blog dedicato agli amanti degli animali domestici! Qui troverete una gamma di articoli interessanti e informativi sui i nostri amici a quattro zampe, dai cani e gatti ai conigli e uccelli, e molto altro ancora. <\/p>\n\n\n\n<div style=\"height:20px\" aria-hidden=\"true\" class=\"wp-block-spacer\"><\/div>\n\n\n\n<p class=\"ticss-8659b49b\">Scopri i <a href=\"https:\/\/ecom.idra.it\/projectpets\/en\/negozio\/\">nostri prodotti<\/a><\/p>\n\n\n\n<div style=\"height:50px\" aria-hidden=\"true\" class=\"wp-block-spacer\"><\/div>\n\n\n\n<div class=\"wp-block-query is-layout-flow wp-block-query-is-layout-flow\"><ul class=\"columns-3 wp-block-post-template is-layout-grid wp-container-core-post-template-is-layout-2fc57c17 wp-block-post-template-is-layout-grid\"><li class=\"wp-block-post post-558 post type-post status-publish format-standard hentry category-news\">\n<h2 class=\"has-text-align-center wp-block-post-title\"><a href=\"https:\/\/ecom.idra.it\/projectpets\/en\/lutilita-di-una-targhetta-con-i-dati-del-gatto-sul-collare-dellanimale\/\" target=\"_self\" rel=\"https:\/\/ecom.idra.it\/projectpets\/perche-e-importante-appendere-il-cartello-attenti-al-cane\/\">L&#8217;utilit\u00e0 di una targhetta con i dati del gatto sul collare dell&#8217;animale<\/a><\/h2>\n\n<div class=\"has-text-align-center wp-block-post-excerpt\"><p class=\"wp-block-post-excerpt__excerpt\">I nostri amici felini sono creature indipendenti e curiose, che amano esplorare il mondo che li circonda. A volte, per\u00f2, questa loro tendenza all&#8217;avventura pu\u00f2 portarli lontano da casa e farci preoccupare per la loro sicurezza. In questo articolo, esamineremo l&#8217;utilit\u00e0 di una targhetta con i dati del gatto, da applicare al collare dell&#8217;animale, e&hellip; <\/p><\/div>\n<\/li><li class=\"wp-block-post post-496 post type-post status-publish format-standard hentry category-cani\">\n<h2 class=\"has-text-align-center wp-block-post-title\"><a href=\"https:\/\/ecom.idra.it\/projectpets\/en\/raccogliere-gli-escrementi-del-cane-e-un-dovere-civico\/\" target=\"_self\" rel=\"https:\/\/ecom.idra.it\/projectpets\/perche-e-importante-appendere-il-cartello-attenti-al-cane\/\">Raccogliere gli escrementi del cane \u00e8 un dovere civico<\/a><\/h2>\n\n<div class=\"has-text-align-center wp-block-post-excerpt\"><p class=\"wp-block-post-excerpt__excerpt\">Raccogliere gli escrementi del proprio cane \u00e8 un gesto semplice ma fondamentale per garantire la pulizia e il benessere delle aree pubbliche e della comunit\u00e0. \u00c8 un dovere civico che tutti i proprietari di cani devono rispettare per contribuire a mantenere un ambiente sano e sicuro per tutti. \u00c8 fondamentale sensibilizzare i proprietari di cani&hellip; <\/p><\/div>\n<\/li><li class=\"wp-block-post post-484 post type-post status-publish format-standard hentry category-cani\">\n<h2 class=\"has-text-align-center wp-block-post-title\"><a href=\"https:\/\/ecom.idra.it\/projectpets\/en\/perche-e-importante-appendere-il-cartello-attenti-al-cane\/\" target=\"_self\" rel=\"https:\/\/ecom.idra.it\/projectpets\/perche-e-importante-appendere-il-cartello-attenti-al-cane\/\">Perch\u00e9 \u00e8 importante il cartello &#8220;Attenti al Cane&#8221;<\/a><\/h2>\n\n<div class=\"has-text-align-center wp-block-post-excerpt\"><p class=\"wp-block-post-excerpt__excerpt\">Appendere un cartello &#8220;Attenti al Cane&#8221; \u00e8 una misura preventiva importante per evitare incidenti intorno alla propria abitazione. I cani sono creature meravigliose, ma possono diventare aggressivi o pericolosi in determinate situazioni. Proprio per questo, molti incidenti che li coinvolgono potrebbero essere evitati semplicemente facendo in modo che gli altri siano consapevoli della presenza dell&#8217;animale.&hellip; <\/p><\/div>\n<\/li><\/ul>\n\n\n\n<\/div>","protected":false},"excerpt":{"rendered":"<p>Benvenuti nel nostro blog dedicato agli amanti degli animali domestici! Qui troverete una gamma di articoli interessanti e informativi sui i nostri amici a quattro zampe, dai cani e gatti ai conigli e uccelli, e molto altro ancora. Scopri i nostri prodotti<\/p>","protected":false},"author":1,"featured_media":0,"parent":0,"menu_order":0,"comment_status":"closed","ping_status":"closed","template":"","meta":{"neve_meta_sidebar":"","neve_meta_container":"","neve_meta_enable_content_width":"","neve_meta_content_width":0,"neve_meta_title_alignment":"","neve_meta_author_avatar":"","neve_post_elements_order":"","neve_meta_disable_header":"","neve_meta_disable_footer":"","neve_meta_disable_title":"","_themeisle_gutenberg_block_has_review":false,"footnotes":""},"class_list":["post-482","page","type-page","status-publish","hentry"],"yoast_head":"<!-- This site is optimized with the Yoast SEO plugin v26.6 - https:\/\/yoast.com\/wordpress\/plugins\/seo\/ -->\n<title>Blog - Project Pets<\/title>\n<meta name=\"description\" content=\"Benvenuti nel nostro blog dedicato agli amanti degli animali domestici! Qui troverete una gamma di articoli informativi sui vostri amici\" \/>\n<meta name=\"robots\" content=\"index, follow, max-snippet:-1, max-image-preview:large, max-video-preview:-1\" \/>\n<link rel=\"canonical\" href=\"https:\/\/ecom.idra.it\/projectpets\/en\/blog\/\" \/>\n<meta property=\"og:locale\" content=\"en_GB\" \/>\n<meta property=\"og:type\" content=\"article\" \/>\n<meta property=\"og:title\" content=\"Blog - Project Pets\" \/>\n<meta property=\"og:description\" content=\"Benvenuti nel nostro blog dedicato agli amanti degli animali domestici! Qui troverete una gamma di articoli informativi sui vostri amici\" \/>\n<meta property=\"og:url\" content=\"https:\/\/ecom.idra.it\/projectpets\/en\/blog\/\" \/>\n<meta property=\"og:site_name\" content=\"Project Pets\" \/>\n<meta property=\"article:publisher\" content=\"https:\/\/www.facebook.com\/profile.php?id=100094309794621\" \/>\n<meta property=\"article:modified_time\" content=\"2023-08-30T12:34:06+00:00\" \/>\n<meta name=\"twitter:card\" content=\"summary_large_image\" \/>\n<meta name=\"twitter:label1\" content=\"Estimated reading time\" \/>\n\t<meta name=\"twitter:data1\" content=\"1 minute\" \/>\n<script type=\"application\/ld+json\" class=\"yoast-schema-graph\">{\"@context\":\"https:\/\/schema.org\",\"@graph\":[{\"@type\":\"WebPage\",\"@id\":\"https:\/\/ecom.idra.it\/projectpets\/blog\/\",\"url\":\"https:\/\/ecom.idra.it\/projectpets\/blog\/\",\"name\":\"Blog - Project Pets\",\"isPartOf\":{\"@id\":\"https:\/\/ecom.idra.it\/projectpets\/#website\"},\"datePublished\":\"2023-08-04T21:46:18+00:00\",\"dateModified\":\"2023-08-30T12:34:06+00:00\",\"description\":\"Benvenuti nel nostro blog dedicato agli amanti degli animali domestici! Qui troverete una gamma di articoli informativi sui vostri amici\",\"breadcrumb\":{\"@id\":\"https:\/\/ecom.idra.it\/projectpets\/blog\/#breadcrumb\"},\"inLanguage\":\"en-GB\",\"potentialAction\":[{\"@type\":\"ReadAction\",\"target\":[\"https:\/\/ecom.idra.it\/projectpets\/blog\/\"]}]},{\"@type\":\"BreadcrumbList\",\"@id\":\"https:\/\/ecom.idra.it\/projectpets\/blog\/#breadcrumb\",\"itemListElement\":[{\"@type\":\"ListItem\",\"position\":1,\"name\":\"Home\",\"item\":\"https:\/\/ecom.idra.it\/projectpets\/\"},{\"@type\":\"ListItem\",\"position\":2,\"name\":\"Blog\"}]},{\"@type\":\"WebSite\",\"@id\":\"https:\/\/ecom.idra.it\/projectpets\/#website\",\"url\":\"https:\/\/ecom.idra.it\/projectpets\/\",\"name\":\"Project Pets\",\"description\":\"\",\"publisher\":{\"@id\":\"https:\/\/ecom.idra.it\/projectpets\/#organization\"},\"potentialAction\":[{\"@type\":\"SearchAction\",\"target\":{\"@type\":\"EntryPoint\",\"urlTemplate\":\"https:\/\/ecom.idra.it\/projectpets\/?s={search_term_string}\"},\"query-input\":{\"@type\":\"PropertyValueSpecification\",\"valueRequired\":true,\"valueName\":\"search_term_string\"}}],\"inLanguage\":\"en-GB\"},{\"@type\":\"Organization\",\"@id\":\"https:\/\/ecom.idra.it\/projectpets\/#organization\",\"name\":\"Project Pets\",\"url\":\"https:\/\/ecom.idra.it\/projectpets\/\",\"logo\":{\"@type\":\"ImageObject\",\"inLanguage\":\"en-GB\",\"@id\":\"https:\/\/ecom.idra.it\/projectpets\/#\/schema\/logo\/image\/\",\"url\":\"https:\/\/ecom.idra.it\/projectpets\/wp-content\/uploads\/sites\/3\/2023\/07\/\u200elogo.png\",\"contentUrl\":\"https:\/\/ecom.idra.it\/projectpets\/wp-content\/uploads\/sites\/3\/2023\/07\/\u200elogo.png\",\"width\":1920,\"height\":1080,\"caption\":\"Project Pets\"},\"image\":{\"@id\":\"https:\/\/ecom.idra.it\/projectpets\/#\/schema\/logo\/image\/\"},\"sameAs\":[\"https:\/\/www.facebook.com\/profile.php?id=100094309794621\",\"https:\/\/www.instagram.com\/project_pets_idra\/\"]}]}<\/script>\n<!-- \/ Yoast SEO plugin. -->","yoast_head_json":{"title":"Blog - Project Pets","description":"Benvenuti nel nostro blog dedicato agli amanti degli animali domestici! Qui troverete una gamma di articoli informativi sui vostri amici","robots":{"index":"index","follow":"follow","max-snippet":"max-snippet:-1","max-image-preview":"max-image-preview:large","max-video-preview":"max-video-preview:-1"},"canonical":"https:\/\/ecom.idra.it\/projectpets\/en\/blog\/","og_locale":"en_GB","og_type":"article","og_title":"Blog - Project Pets","og_description":"Benvenuti nel nostro blog dedicato agli amanti degli animali domestici! Qui troverete una gamma di articoli informativi sui vostri amici","og_url":"https:\/\/ecom.idra.it\/projectpets\/en\/blog\/","og_site_name":"Project Pets","article_publisher":"https:\/\/www.facebook.com\/profile.php?id=100094309794621","article_modified_time":"2023-08-30T12:34:06+00:00","twitter_card":"summary_large_image","twitter_misc":{"Estimated reading time":"1 minute"},"schema":{"@context":"https:\/\/schema.org","@graph":[{"@type":"WebPage","@id":"https:\/\/ecom.idra.it\/projectpets\/blog\/","url":"https:\/\/ecom.idra.it\/projectpets\/blog\/","name":"Blog - Project Pets","isPartOf":{"@id":"https:\/\/ecom.idra.it\/projectpets\/#website"},"datePublished":"2023-08-04T21:46:18+00:00","dateModified":"2023-08-30T12:34:06+00:00","description":"Benvenuti nel nostro blog dedicato agli amanti degli animali domestici! Qui troverete una gamma di articoli informativi sui vostri amici","breadcrumb":{"@id":"https:\/\/ecom.idra.it\/projectpets\/blog\/#breadcrumb"},"inLanguage":"en-GB","potentialAction":[{"@type":"ReadAction","target":["https:\/\/ecom.idra.it\/projectpets\/blog\/"]}]},{"@type":"BreadcrumbList","@id":"https:\/\/ecom.idra.it\/projectpets\/blog\/#breadcrumb","itemListElement":[{"@type":"ListItem","position":1,"name":"Home","item":"https:\/\/ecom.idra.it\/projectpets\/"},{"@type":"ListItem","position":2,"name":"Blog"}]},{"@type":"WebSite","@id":"https:\/\/ecom.idra.it\/projectpets\/#website","url":"https:\/\/ecom.idra.it\/projectpets\/","name":"Project Pets","description":"","publisher":{"@id":"https:\/\/ecom.idra.it\/projectpets\/#organization"},"potentialAction":[{"@type":"SearchAction","target":{"@type":"EntryPoint","urlTemplate":"https:\/\/ecom.idra.it\/projectpets\/?s={search_term_string}"},"query-input":{"@type":"PropertyValueSpecification","valueRequired":true,"valueName":"search_term_string"}}],"inLanguage":"en-GB"},{"@type":"Organization","@id":"https:\/\/ecom.idra.it\/projectpets\/#organization","name":"Project Pets","url":"https:\/\/ecom.idra.it\/projectpets\/","logo":{"@type":"ImageObject","inLanguage":"en-GB","@id":"https:\/\/ecom.idra.it\/projectpets\/#\/schema\/logo\/image\/","url":"https:\/\/ecom.idra.it\/projectpets\/wp-content\/uploads\/sites\/3\/2023\/07\/\u200elogo.png","contentUrl":"https:\/\/ecom.idra.it\/projectpets\/wp-content\/uploads\/sites\/3\/2023\/07\/\u200elogo.png","width":1920,"height":1080,"caption":"Project Pets"},"image":{"@id":"https:\/\/ecom.idra.it\/projectpets\/#\/schema\/logo\/image\/"},"sameAs":["https:\/\/www.facebook.com\/profile.php?id=100094309794621","https:\/\/www.instagram.com\/project_pets_idra\/"]}]}},"jetpack_sharing_enabled":true,"_links":{"self":[{"href":"https:\/\/ecom.idra.it\/projectpets\/en\/wp-json\/wp\/v2\/pages\/482","targetHints":{"allow":["GET"]}}],"collection":[{"href":"https:\/\/ecom.idra.it\/projectpets\/en\/wp-json\/wp\/v2\/pages"}],"about":[{"href":"https:\/\/ecom.idra.it\/projectpets\/en\/wp-json\/wp\/v2\/types\/page"}],"author":[{"embeddable":true,"href":"https:\/\/ecom.idra.it\/projectpets\/en\/wp-json\/wp\/v2\/users\/1"}],"replies":[{"embeddable":true,"href":"https:\/\/ecom.idra.it\/projectpets\/en\/wp-json\/wp\/v2\/comments?post=482"}],"version-history":[{"count":17,"href":"https:\/\/ecom.idra.it\/projectpets\/en\/wp-json\/wp\/v2\/pages\/482\/revisions"}],"predecessor-version":[{"id":580,"href":"https:\/\/ecom.idra.it\/projectpets\/en\/wp-json\/wp\/v2\/pages\/482\/revisions\/580"}],"wp:attachment":[{"href":"https:\/\/ecom.idra.it\/projectpets\/en\/wp-json\/wp\/v2\/media?parent=482"}],"curies":[{"name":"wp","href":"https:\/\/api.w.org\/{rel}","templated":true}]}}